{"id":48,"date":"2023-11-20T15:18:58","date_gmt":"2023-11-20T14:18:58","guid":{"rendered":"https:\/\/hwl-bauservice.de\/?page_id=48"},"modified":"2025-01-22T14:59:29","modified_gmt":"2025-01-22T13:59:29","slug":"impressum","status":"publish","type":"page","link":"https:\/\/hwl-bauservice.de\/?page_id=48","title":{"rendered":"Impressum"},"content":{"rendered":"\n<p>Anbieter:<br>HWL Bauservice GmbH &amp; Co.KG<br>Goezestra\u00dfe 22<br>06484 Quedlinburg<\/p>\n\n\n\n<p>Kontakt:<br>Tel. 03946 7711329<br>E-Mail: info@hwl-bauservice.de <br>Website: www.hwl-bauservice.dem<\/p>\n\n\n\n<p>Amtsgericht Stendal<br>HR-Nummer: HRA 7378<\/p>\n\n\n\n<p>Komplement\u00e4r: <br>BK-Verwaltung- GmbH<br>S\u00fcdstra\u00dfe 19<br>39326 Colbitz<\/p>\n\n\n\n<p>Amtsgericht Stendal<br>HRB 27662<\/p>\n\n\n\n<p>Gesch\u00e4ftsf\u00fchrung<br>Ina-Kadlubietz, Dr. J\u00f6rg-Biastoch, Fabian Biastoch<\/p>\n","protected":false},"excerpt":{"rendered":"<p>Anbieter:HWL Bauservice GmbH &amp; Co.KGGoezestra\u00dfe 2206484 Quedlinburg Kontakt:Tel. 03946 7711329E-Mail: info@hwl-bauservice.de Website: www.hwl-bauservice.dem Amtsgericht StendalHR-Nummer: HRA 7378 Komplement\u00e4r: BK-Verwaltung- GmbHS\u00fcdstra\u00dfe 1939326 Colbitz Amtsgericht StendalHRB 27662 Gesch\u00e4ftsf\u00fchrungIna-Kadlubietz, Dr. J\u00f6rg-Biastoch, Fabian Biastoch<\/p>\n","protected":false},"author":2,"featured_media":0,"parent":0,"menu_order":0,"comment_status":"closed","ping_status":"closed","template":"","meta":{"footnotes":""},"class_list":["post-48","page","type-page","status-publish","hentry","entry"],"_links":{"self":[{"href":"https:\/\/hwl-bauservice.de\/index.php?rest_route=\/wp\/v2\/pages\/48","targetHints":{"allow":["GET"]}}],"collection":[{"href":"https:\/\/hwl-bauservice.de\/index.php?rest_route=\/wp\/v2\/pages"}],"about":[{"href":"https:\/\/hwl-bauservice.de\/index.php?rest_route=\/wp\/v2\/types\/page"}],"author":[{"embeddable":true,"href":"https:\/\/hwl-bauservice.de\/index.php?rest_route=\/wp\/v2\/users\/2"}],"replies":[{"embeddable":true,"href":"https:\/\/hwl-bauservice.de\/index.php?rest_route=%2Fwp%2Fv2%2Fcomments&post=48"}],"version-history":[{"count":3,"href":"https:\/\/hwl-bauservice.de\/index.php?rest_route=\/wp\/v2\/pages\/48\/revisions"}],"predecessor-version":[{"id":68,"href":"https:\/\/hwl-bauservice.de\/index.php?rest_route=\/wp\/v2\/pages\/48\/revisions\/68"}],"wp:attachment":[{"href":"https:\/\/hwl-bauservice.de\/index.php?rest_route=%2Fwp%2Fv2%2Fmedia&parent=48"}],"curies":[{"name":"wp","href":"https:\/\/api.w.org\/{rel}","templated":true}]}}